{"id":211,"date":"2023-04-25T07:40:24","date_gmt":"2023-04-25T05:40:24","guid":{"rendered":"https:\/\/helpoapp.org\/politique-de-confidentialite\/"},"modified":"2023-04-28T10:51:52","modified_gmt":"2023-04-28T08:51:52","slug":"politique-de-confidentialite","status":"publish","type":"page","link":"https:\/\/helpoapp.org\/fr\/politique-de-confidentialite\/","title":{"rendered":"Politique de confidentialit\u00e9"},"content":{"rendered":"\n<p>Correspondant aux applications HelpO, HelpO Castilla y Le\u00f3n et celles d\u00e9velopp\u00e9es par le Loyola Communication Group pour la RED INCOLA FOUNDATION, (ci-apr\u00e8s d\u00e9nomm\u00e9es APPLICATIONS).<\/p>\n\n<ol class=\"wp-block-list\">\n<li><strong>Coordonn\u00e9es du responsable du traitement<br\/><\/strong>Nom de l'entit\u00e9 : FUNDACION RED INCOLA (ci-apr\u00e8s RED INCOLA).<br\/>Adresse : C\/ Ruiz Hernandez, n. \u00ba 10 - 47002 - (Valladolid)<br\/>T\u00e9l\u00e9phone : 983 30 70 70 83<br\/>Courriel : info@redincola.org<br\/><\/li>\n\n\n\n<li><strong>Traitement des donn\u00e9es collect\u00e9es par le biais de l'application<br\/><\/strong>Les donn\u00e9es que RED INCOLA peut collecter par le biais de l'utilisation et de la navigation sur les APPLICATIONS ne sont PAS des donn\u00e9es \u00e0 caract\u00e8re personnel. Dans certains cas, nous vous informons que par la simple utilisation et navigation dans notre application nous stockons des donn\u00e9es relatives \u00e0 la navigation, \u00e0 la localisation impr\u00e9cise et aux erreurs qui \u00e0 aucun moment ne permettront d'identifier l'utilisateur. Nous n'utilisons pas l'IDFA.<\/li>\n<\/ol>\n\n<p>Ces informations peuvent \u00eatre stock\u00e9es par Google Firebase, et nous renvoyons \u00e0 la politique de confidentialit\u00e9 de Google, \u00e9tant donn\u00e9 que Google collecte et traite ces informations.<\/p>\n\n<p>Le R\u00c9SEAU INCOLA se r\u00e9serve le droit de modifier ou d'adapter cette politique de confidentialit\u00e9 \u00e0 tout moment. Nous vous recommandons donc de la v\u00e9rifier \u00e0 chaque fois que vous acc\u00e9dez \u00e0 l'application.<\/p>\n\n<p>3. <strong>Autres traitements de donn\u00e9es<br\/><\/strong>Finalit\u00e9 : RED \u00cdNCOLA traite vos donn\u00e9es personnelles afin de g\u00e9rer les services d\u00e9coulant de la relation contractuelle, ainsi que les engagements d\u00e9coulant du contrat.<br\/>L\u00e9gitimation : Le traitement de vos donn\u00e9es est l\u00e9gitim\u00e9 par le consentement explicite de la personne concern\u00e9e, l'ex\u00e9cution d'un contrat et le respect des obligations l\u00e9gales suivantes qui s'appliquent \u00e0 nous :<br\/>Les p\u00e9riodes de conservation de vos donn\u00e9es apr\u00e8s la fin de la relation contractuelle sont bas\u00e9es sur le respect des dispositions du code du commerce.<br\/>La communication de vos donn\u00e9es \u00e0 la demande de l'inspection fiscale est r\u00e9gie par la loi 58\/2003 du 17 d\u00e9cembre sur la fiscalit\u00e9 g\u00e9n\u00e9rale.<br\/>Groupe cible.<br\/>En g\u00e9n\u00e9ral, les donn\u00e9es ne sont pas transmises \u00e0 des tiers, sauf en cas d'obligation l\u00e9gale. Le cas \u00e9ch\u00e9ant, les donn\u00e9es relatives aux clients peuvent \u00eatre divulgu\u00e9es aux organismes suivants, conform\u00e9ment \u00e0 une obligation l\u00e9gale :<br\/>Les donn\u00e9es n\u00e9cessaires au respect des obligations l\u00e9gales peuvent \u00eatre transf\u00e9r\u00e9es \u00e0 l'agence fiscale espagnole.<br\/>Aux institutions bancaires correspondantes, afin d'\u00eatre \u00e0 jour dans les paiements.<br\/>Si nous en sommes pri\u00e9s, vos donn\u00e9es seront transmises \u00e0 l'inspection du travail.<\/p>\n\n<ol class=\"wp-block-list\" start=\"3\">\n<li><\/li>\n<\/ol>\n\n<p><\/p>\n\n<p><strong>4.<\/strong> <strong>Transferts internationaux<br\/><\/strong>RED \u00cdNCOLA n'envisage pas d'effectuer des transferts internationaux de donn\u00e9es. Si cela s'av\u00e8re n\u00e9cessaire, ces transferts ne seront effectu\u00e9s qu'\u00e0 des entit\u00e9s relevant de l'accord Privacy Shield USA\/Union europ\u00e9enne (plus d'informations : https:\/\/www.privacyshield.gov\/welcome), \u00e0 des entit\u00e9s ayant d\u00e9montr\u00e9 qu'elles respectent le niveau de protection et les garanties conform\u00e9ment aux param\u00e8tres et aux exigences \u00e9tablis dans la l\u00e9gislation en vigueur sur la protection des donn\u00e9es, comme le r\u00e8glement europ\u00e9en, ou lorsqu'il existe une autorisation l\u00e9gale pour effectuer le transfert international.<\/p>\n\n<p>5. <strong>quels sont vos droits en mati\u00e8re de traitement des donn\u00e9es ?<\/strong> <strong><br\/><\/strong>En tant que personne concern\u00e9e, vous avez le droit d'obtenir la confirmation de l'existence du traitement de vos donn\u00e9es, d'acc\u00e9der \u00e0 vos donn\u00e9es personnelles, de demander la rectification des donn\u00e9es inexactes ou, le cas \u00e9ch\u00e9ant, de demander leur suppression, lorsque, entre autres raisons, les donn\u00e9es ne sont plus n\u00e9cessaires aux fins pour lesquelles elles ont \u00e9t\u00e9 collect\u00e9es ou que vous, en tant que personne concern\u00e9e, retirez le consentement que vous avez donn\u00e9. RED \u00cdNCOLA traitera et conservera vos donn\u00e9es conform\u00e9ment \u00e0 la r\u00e9glementation en vigueur, sans pr\u00e9judice du fait que l'int\u00e9ress\u00e9 peut demander, dans tous les cas, la limitation du traitement de ses donn\u00e9es. Dans certains cas, vous pouvez exercer votre droit \u00e0 la portabilit\u00e9 des donn\u00e9es, qui vous seront fournies dans un format structur\u00e9, couramment utilis\u00e9 ou lisible par machine, ou au nouveau responsable du traitement des donn\u00e9es que vous aurez d\u00e9sign\u00e9. Vous avez le droit de retirer votre consentement \u00e0 tout moment pour tout traitement pour lequel vous avez donn\u00e9 votre consentement. Pour exercer vos droits, veuillez nous contacter par e-mail \u00e0 l'adresse jesuitas@jesuitas.es. Nous disposons de formulaires pour l'exercice de tous les droits susmentionn\u00e9s, mais vous pouvez \u00e9galement utiliser les formulaires pr\u00e9par\u00e9s par l'Agence espagnole de protection des donn\u00e9es. Vous aurez le droit de d\u00e9poser une plainte aupr\u00e8s de l'Agence espagnole de protection des donn\u00e9es si vous estimez que l'exercice de vos droits n'a pas \u00e9t\u00e9 correctement pris en compte. Le d\u00e9lai maximum de d\u00e9cision est d'un mois \u00e0 compter de la r\u00e9ception de la demande. En cas de modification de vos donn\u00e9es, veuillez nous en informer par \u00e9crit afin que nous puissions les mettre \u00e0 jour.<\/p>\n\n<ol class=\"wp-block-list\" start=\"3\">\n<li><\/li>\n<\/ol>\n","protected":false},"excerpt":{"rendered":"<p>Correspondant aux applications HelpO, HelpO Castilla y Le\u00f3n et celles d\u00e9velopp\u00e9es par le Loyola Communication Group pour la RED INCOLA FOUNDATION, (ci-apr\u00e8s d\u00e9nomm\u00e9es APPLICATIONS). Ces informations peuvent \u00eatre stock\u00e9es par Google Firebase, et nous renvoyons \u00e0 la politique de confidentialit\u00e9 de Google, \u00e9tant donn\u00e9 que Google collecte et traite ces informations. Le R\u00c9SEAU INCOLA se [&hellip;]<\/p>\n","protected":false},"author":1,"featured_media":0,"parent":0,"menu_order":0,"comment_status":"closed","ping_status":"open","template":"","meta":{"footnotes":""},"class_list":["post-211","page","type-page","status-publish","hentry"],"yoast_head":"<!-- This site is optimized with the Yoast SEO plugin v27.5 - https:\/\/yoast.com\/product\/yoast-seo-wordpress\/ -->\n<title>Politique de confidentialit\u00e9 - HelpO<\/title>\n<meta name=\"robots\" content=\"index, follow, max-snippet:-1, max-image-preview:large, max-video-preview:-1\" \/>\n<link rel=\"canonical\" href=\"https:\/\/helpoapp.org\/fr\/politique-de-confidentialite\/\" \/>\n<meta property=\"og:locale\" content=\"fr_FR\" \/>\n<meta property=\"og:type\" content=\"article\" \/>\n<meta property=\"og:title\" content=\"Politique de confidentialit\u00e9 - HelpO\" \/>\n<meta property=\"og:description\" content=\"Correspondant aux applications HelpO, HelpO Castilla y Le\u00f3n et celles d\u00e9velopp\u00e9es par le Loyola Communication Group pour la RED INCOLA FOUNDATION, (ci-apr\u00e8s d\u00e9nomm\u00e9es APPLICATIONS). Ces informations peuvent \u00eatre stock\u00e9es par Google Firebase, et nous renvoyons \u00e0 la politique de confidentialit\u00e9 de Google, \u00e9tant donn\u00e9 que Google collecte et traite ces informations. Le R\u00c9SEAU INCOLA se [&hellip;]\" \/>\n<meta property=\"og:url\" content=\"https:\/\/helpoapp.org\/fr\/politique-de-confidentialite\/\" \/>\n<meta property=\"og:site_name\" content=\"HelpO\" \/>\n<meta property=\"article:modified_time\" content=\"2023-04-28T08:51:52+00:00\" \/>\n<meta name=\"twitter:card\" content=\"summary_large_image\" \/>\n<meta name=\"twitter:label1\" content=\"Dur\u00e9e de lecture estim\u00e9e\" \/>\n\t<meta name=\"twitter:data1\" content=\"4 minutes\" \/>\n<script type=\"application\/ld+json\" class=\"yoast-schema-graph\">{\"@context\":\"https:\\\/\\\/schema.org\",\"@graph\":[{\"@type\":\"WebPage\",\"@id\":\"https:\\\/\\\/helpoapp.org\\\/fr\\\/politique-de-confidentialite\\\/\",\"url\":\"https:\\\/\\\/helpoapp.org\\\/fr\\\/politique-de-confidentialite\\\/\",\"name\":\"Politique de confidentialit\u00e9 - HelpO\",\"isPartOf\":{\"@id\":\"https:\\\/\\\/helpoapp.org\\\/fr\\\/#website\"},\"datePublished\":\"2023-04-25T05:40:24+00:00\",\"dateModified\":\"2023-04-28T08:51:52+00:00\",\"breadcrumb\":{\"@id\":\"https:\\\/\\\/helpoapp.org\\\/fr\\\/politique-de-confidentialite\\\/#breadcrumb\"},\"inLanguage\":\"fr-FR\",\"potentialAction\":[{\"@type\":\"ReadAction\",\"target\":[\"https:\\\/\\\/helpoapp.org\\\/fr\\\/politique-de-confidentialite\\\/\"]}]},{\"@type\":\"BreadcrumbList\",\"@id\":\"https:\\\/\\\/helpoapp.org\\\/fr\\\/politique-de-confidentialite\\\/#breadcrumb\",\"itemListElement\":[{\"@type\":\"ListItem\",\"position\":1,\"name\":\"Portada\",\"item\":\"https:\\\/\\\/helpoapp.org\\\/fr\\\/\"},{\"@type\":\"ListItem\",\"position\":2,\"name\":\"Politique de confidentialit\u00e9\"}]},{\"@type\":\"WebSite\",\"@id\":\"https:\\\/\\\/helpoapp.org\\\/fr\\\/#website\",\"url\":\"https:\\\/\\\/helpoapp.org\\\/fr\\\/\",\"name\":\"HelpO\",\"description\":\"Recursos cercanos para reconstruir tu futuro\",\"publisher\":{\"@id\":\"https:\\\/\\\/helpoapp.org\\\/fr\\\/#organization\"},\"potentialAction\":[{\"@type\":\"SearchAction\",\"target\":{\"@type\":\"EntryPoint\",\"urlTemplate\":\"https:\\\/\\\/helpoapp.org\\\/fr\\\/?s={search_term_string}\"},\"query-input\":{\"@type\":\"PropertyValueSpecification\",\"valueRequired\":true,\"valueName\":\"search_term_string\"}}],\"inLanguage\":\"fr-FR\"},{\"@type\":\"Organization\",\"@id\":\"https:\\\/\\\/helpoapp.org\\\/fr\\\/#organization\",\"name\":\"HelpO\",\"url\":\"https:\\\/\\\/helpoapp.org\\\/fr\\\/\",\"logo\":{\"@type\":\"ImageObject\",\"inLanguage\":\"fr-FR\",\"@id\":\"https:\\\/\\\/helpoapp.org\\\/fr\\\/#\\\/schema\\\/logo\\\/image\\\/\",\"url\":\"https:\\\/\\\/helpoapp.org\\\/wp-content\\\/uploads\\\/2023\\\/04\\\/Pantalla_HelpO-09.png\",\"contentUrl\":\"https:\\\/\\\/helpoapp.org\\\/wp-content\\\/uploads\\\/2023\\\/04\\\/Pantalla_HelpO-09.png\",\"width\":1244,\"height\":445,\"caption\":\"HelpO\"},\"image\":{\"@id\":\"https:\\\/\\\/helpoapp.org\\\/fr\\\/#\\\/schema\\\/logo\\\/image\\\/\"}}]}<\/script>\n<!-- \/ Yoast SEO plugin. -->","yoast_head_json":{"title":"Politique de confidentialit\u00e9 - HelpO","robots":{"index":"index","follow":"follow","max-snippet":"max-snippet:-1","max-image-preview":"max-image-preview:large","max-video-preview":"max-video-preview:-1"},"canonical":"https:\/\/helpoapp.org\/fr\/politique-de-confidentialite\/","og_locale":"fr_FR","og_type":"article","og_title":"Politique de confidentialit\u00e9 - HelpO","og_description":"Correspondant aux applications HelpO, HelpO Castilla y Le\u00f3n et celles d\u00e9velopp\u00e9es par le Loyola Communication Group pour la RED INCOLA FOUNDATION, (ci-apr\u00e8s d\u00e9nomm\u00e9es APPLICATIONS). Ces informations peuvent \u00eatre stock\u00e9es par Google Firebase, et nous renvoyons \u00e0 la politique de confidentialit\u00e9 de Google, \u00e9tant donn\u00e9 que Google collecte et traite ces informations. Le R\u00c9SEAU INCOLA se [&hellip;]","og_url":"https:\/\/helpoapp.org\/fr\/politique-de-confidentialite\/","og_site_name":"HelpO","article_modified_time":"2023-04-28T08:51:52+00:00","twitter_card":"summary_large_image","twitter_misc":{"Dur\u00e9e de lecture estim\u00e9e":"4 minutes"},"schema":{"@context":"https:\/\/schema.org","@graph":[{"@type":"WebPage","@id":"https:\/\/helpoapp.org\/fr\/politique-de-confidentialite\/","url":"https:\/\/helpoapp.org\/fr\/politique-de-confidentialite\/","name":"Politique de confidentialit\u00e9 - HelpO","isPartOf":{"@id":"https:\/\/helpoapp.org\/fr\/#website"},"datePublished":"2023-04-25T05:40:24+00:00","dateModified":"2023-04-28T08:51:52+00:00","breadcrumb":{"@id":"https:\/\/helpoapp.org\/fr\/politique-de-confidentialite\/#breadcrumb"},"inLanguage":"fr-FR","potentialAction":[{"@type":"ReadAction","target":["https:\/\/helpoapp.org\/fr\/politique-de-confidentialite\/"]}]},{"@type":"BreadcrumbList","@id":"https:\/\/helpoapp.org\/fr\/politique-de-confidentialite\/#breadcrumb","itemListElement":[{"@type":"ListItem","position":1,"name":"Portada","item":"https:\/\/helpoapp.org\/fr\/"},{"@type":"ListItem","position":2,"name":"Politique de confidentialit\u00e9"}]},{"@type":"WebSite","@id":"https:\/\/helpoapp.org\/fr\/#website","url":"https:\/\/helpoapp.org\/fr\/","name":"HelpO","description":"Recursos cercanos para reconstruir tu futuro","publisher":{"@id":"https:\/\/helpoapp.org\/fr\/#organization"},"potentialAction":[{"@type":"SearchAction","target":{"@type":"EntryPoint","urlTemplate":"https:\/\/helpoapp.org\/fr\/?s={search_term_string}"},"query-input":{"@type":"PropertyValueSpecification","valueRequired":true,"valueName":"search_term_string"}}],"inLanguage":"fr-FR"},{"@type":"Organization","@id":"https:\/\/helpoapp.org\/fr\/#organization","name":"HelpO","url":"https:\/\/helpoapp.org\/fr\/","logo":{"@type":"ImageObject","inLanguage":"fr-FR","@id":"https:\/\/helpoapp.org\/fr\/#\/schema\/logo\/image\/","url":"https:\/\/helpoapp.org\/wp-content\/uploads\/2023\/04\/Pantalla_HelpO-09.png","contentUrl":"https:\/\/helpoapp.org\/wp-content\/uploads\/2023\/04\/Pantalla_HelpO-09.png","width":1244,"height":445,"caption":"HelpO"},"image":{"@id":"https:\/\/helpoapp.org\/fr\/#\/schema\/logo\/image\/"}}]}},"_links":{"self":[{"href":"https:\/\/helpoapp.org\/fr\/wp-json\/wp\/v2\/pages\/211","targetHints":{"allow":["GET"]}}],"collection":[{"href":"https:\/\/helpoapp.org\/fr\/wp-json\/wp\/v2\/pages"}],"about":[{"href":"https:\/\/helpoapp.org\/fr\/wp-json\/wp\/v2\/types\/page"}],"author":[{"embeddable":true,"href":"https:\/\/helpoapp.org\/fr\/wp-json\/wp\/v2\/users\/1"}],"replies":[{"embeddable":true,"href":"https:\/\/helpoapp.org\/fr\/wp-json\/wp\/v2\/comments?post=211"}],"version-history":[{"count":3,"href":"https:\/\/helpoapp.org\/fr\/wp-json\/wp\/v2\/pages\/211\/revisions"}],"predecessor-version":[{"id":227,"href":"https:\/\/helpoapp.org\/fr\/wp-json\/wp\/v2\/pages\/211\/revisions\/227"}],"wp:attachment":[{"href":"https:\/\/helpoapp.org\/fr\/wp-json\/wp\/v2\/media?parent=211"}],"curies":[{"name":"wp","href":"https:\/\/api.w.org\/{rel}","templated":true}]}}